{"id":8228,"date":"2024-10-11T12:54:20","date_gmt":"2024-10-11T12:54:20","guid":{"rendered":"https:\/\/www.materialnaszostke.pl\/?post_type=product&#038;p=8228"},"modified":"2024-10-11T12:54:20","modified_gmt":"2024-10-11T12:54:20","slug":"new-hot-spot-kl-6-testy-kartkowki-odpowiedzi-nagrania-audio-macmillan","status":"publish","type":"product","link":"https:\/\/www.materialnaszostke.pl\/index.php\/produkt\/new-hot-spot-kl-6-testy-kartkowki-odpowiedzi-nagrania-audio-macmillan\/","title":{"rendered":"New Hot spot kl. 6 testy, kartk\u00f3wki, odpowiedzi, nagrania audio Macmillan"},"content":{"rendered":"<div class=\"product-content \">\n<h5>Pobranie materia\u0142\u00f3w mo\u017cliwe zaraz po z\u0142o\u017ceniu zam\u00f3wienia. (Dost\u0119pne przez 30 dni). Pliki nale\u017cy rozpakowa\u0107. S\u0105 to pdf -y. Prosz\u0119 zapisa\u0107 pliki na komputerze.<\/h5>\n<\/div>\n","protected":false},"excerpt":{"rendered":"<h5>Materia\u0142y z J\u0119zyka Angielskiego New Hot Spot klasa 6:<\/h5>\n<p><em>Unit tests<\/em><br \/>\n<em>Progress tests<\/em><br \/>\n<em>Teaching notes<\/em><br \/>\n<em>WORKSHEETS_General arkusze<\/em><br \/>\n<em>nagrania mp3<\/em><br \/>\n<em>kartk\u00f3wki<\/em><br \/>\n<em>Dodatkowe materia\u0142y<\/em><\/p>\n<p>&nbsp;<\/p>\n<h5>Posiadam r\u00f3wnie\u017c inne materia\u0142y do innych przedmiot\u00f3w i klas. Szeroki wyb\u00f3r.<br \/>\nZapraszam na inne aukcje.<\/h5>\n","protected":false},"featured_media":8229,"template":"","meta":[],"product_brand":[],"product_cat":[185],"product_tag":[52,85,191,208,74,375,73,66],"class_list":{"0":"post-8228","1":"product","2":"type-product","3":"status-publish","4":"has-post-thumbnail","6":"product_cat-klasa-6-szkola-podstawowa","7":"product_tag-kartkowki","8":"product_tag-ksiazka-nauczyciela","9":"product_tag-macmillan","10":"product_tag-materialy-nauczyciela","11":"product_tag-nagrania-audio","12":"product_tag-new-hot-spot-kl-6-testy","13":"product_tag-odpowiedzi","14":"product_tag-szkolapodstawowa","16":"first","17":"instock","18":"downloadable","19":"virtual","20":"purchasable","21":"product-type-simple"},"_links":{"self":[{"href":"https:\/\/www.materialnaszostke.pl\/index.php\/wp-json\/wp\/v2\/product\/8228"}],"collection":[{"href":"https:\/\/www.materialnaszostke.pl\/index.php\/wp-json\/wp\/v2\/product"}],"about":[{"href":"https:\/\/www.materialnaszostke.pl\/index.php\/wp-json\/wp\/v2\/types\/product"}],"wp:featuredmedia":[{"embeddable":true,"href":"https:\/\/www.materialnaszostke.pl\/index.php\/wp-json\/wp\/v2\/media\/8229"}],"wp:attachment":[{"href":"https:\/\/www.materialnaszostke.pl\/index.php\/wp-json\/wp\/v2\/media?parent=8228"}],"wp:term":[{"taxonomy":"product_brand","embeddable":true,"href":"https:\/\/www.materialnaszostke.pl\/index.php\/wp-json\/wp\/v2\/product_brand?post=8228"},{"taxonomy":"product_cat","embeddable":true,"href":"https:\/\/www.materialnaszostke.pl\/index.php\/wp-json\/wp\/v2\/product_cat?post=8228"},{"taxonomy":"product_tag","embeddable":true,"href":"https:\/\/www.materialnaszostke.pl\/index.php\/wp-json\/wp\/v2\/product_tag?post=8228"}],"curies":[{"name":"wp","href":"https:\/\/api.w.org\/{rel}","templated":true}]}}