{"id":8212,"date":"2024-10-10T17:23:19","date_gmt":"2024-10-10T17:23:19","guid":{"rendered":"https:\/\/www.materialnaszostke.pl\/?post_type=product&#038;p=8212"},"modified":"2024-10-10T17:23:19","modified_gmt":"2024-10-10T17:23:19","slug":"pearson-repetytorium-matura-2023-tom-1-testy-sprawdziany-kartkowki-odpowiedzinagraniaodpowiedzi","status":"publish","type":"product","link":"https:\/\/www.materialnaszostke.pl\/index.php\/produkt\/pearson-repetytorium-matura-2023-tom-1-testy-sprawdziany-kartkowki-odpowiedzinagraniaodpowiedzi\/","title":{"rendered":"Pearson REPETYTORIUM MATURA 2023 TOM 1 testy sprawdziany kartk\u00f3wki odpowiedzi+NAGRANIA+ODPOWIEDZI"},"content":{"rendered":"<div class=\"product-content \">\n<h4>Pobranie materia\u0142\u00f3w mo\u017cliwe zaraz po z\u0142o\u017ceniu zam\u00f3wienia. (Dost\u0119pne przez 30 dni). Pliki nale\u017cy rozpakowa\u0107. S\u0105 to pdf -y. Prosz\u0119 zapisa\u0107 pliki na komputerze.<\/h4>\n<\/div>\n","protected":false},"excerpt":{"rendered":"<h4>W zestawie:<\/h4>\n<p><em><strong>testy z rozdzia\u0142owe tzw. Testy UNITowe<\/strong><\/em><br \/>\n<em><strong>testy Kartk\u00f3wki s\u0142ownictwo<\/strong><\/em><br \/>\n<em><strong>testy Kartk\u00f3wki gramatyczne<\/strong><\/em><br \/>\n<em><strong>klucze odpowiedzi do test\u00f3w I KARTK\u00d3WEK CZYLI ANSWER KEY oraz NAGRANIA AUDIO do test\u00f3w + TEKSTY NAGRA\u0143<\/strong><\/em><\/p>\n<h4 style=\"text-align: center;\">Zapraszam r\u00f3wnie\u017c na inne aukcje. Szeroki wyb\u00f3r r\u00f3\u017cnych przedmiot\u00f3w i klas.<\/h4>\n","protected":false},"featured_media":8213,"template":"","meta":[],"product_brand":[],"product_cat":[203],"product_tag":[52,85,208,367,73,194,365,57,366],"class_list":{"0":"post-8212","1":"product","2":"type-product","3":"status-publish","4":"has-post-thumbnail","6":"product_cat-szkola-srednia","7":"product_tag-kartkowki","8":"product_tag-ksiazka-nauczyciela","9":"product_tag-materialy-nauczyciela","10":"product_tag-nagrania","11":"product_tag-odpowiedzi","12":"product_tag-pearson","13":"product_tag-repetytorium-matura-2023","14":"product_tag-sprawdziany","15":"product_tag-tom-1-testy","17":"first","18":"instock","19":"downloadable","20":"virtual","21":"purchasable","22":"product-type-simple"},"_links":{"self":[{"href":"https:\/\/www.materialnaszostke.pl\/index.php\/wp-json\/wp\/v2\/product\/8212"}],"collection":[{"href":"https:\/\/www.materialnaszostke.pl\/index.php\/wp-json\/wp\/v2\/product"}],"about":[{"href":"https:\/\/www.materialnaszostke.pl\/index.php\/wp-json\/wp\/v2\/types\/product"}],"wp:featuredmedia":[{"embeddable":true,"href":"https:\/\/www.materialnaszostke.pl\/index.php\/wp-json\/wp\/v2\/media\/8213"}],"wp:attachment":[{"href":"https:\/\/www.materialnaszostke.pl\/index.php\/wp-json\/wp\/v2\/media?parent=8212"}],"wp:term":[{"taxonomy":"product_brand","embeddable":true,"href":"https:\/\/www.materialnaszostke.pl\/index.php\/wp-json\/wp\/v2\/product_brand?post=8212"},{"taxonomy":"product_cat","embeddable":true,"href":"https:\/\/www.materialnaszostke.pl\/index.php\/wp-json\/wp\/v2\/product_cat?post=8212"},{"taxonomy":"product_tag","embeddable":true,"href":"https:\/\/www.materialnaszostke.pl\/index.php\/wp-json\/wp\/v2\/product_tag?post=8212"}],"curies":[{"name":"wp","href":"https:\/\/api.w.org\/{rel}","templated":true}]}}