{"id":8165,"date":"2024-09-27T12:37:39","date_gmt":"2024-09-27T12:37:39","guid":{"rendered":"https:\/\/www.materialnaszostke.pl\/?post_type=product&#038;p=8165"},"modified":"2024-10-21T22:03:44","modified_gmt":"2024-10-21T20:03:44","slug":"shine-on-kl-2-oxford-testy-sprawdziany-kartkowki-nagrania-audio-odpowiedzi","status":"publish","type":"product","link":"https:\/\/www.materialnaszostke.pl\/index.php\/produkt\/shine-on-kl-2-oxford-testy-sprawdziany-kartkowki-nagrania-audio-odpowiedzi\/","title":{"rendered":"Shine On kl.2 Oxford Testy, sprawdziany, kartk\u00f3wki, nagrania audio, odpowiedzi"},"content":{"rendered":"<div class=\"product-content \">\n<div class=\"product-content \">\n<p>Pobranie materia\u0142\u00f3w mo\u017cliwe zaraz po z\u0142o\u017ceniu zam\u00f3wienia. (Dost\u0119pne przez 30 dni). Pliki nale\u017cy rozpakowa\u0107. S\u0105 to pdf -y. Prosz\u0119 zapisa\u0107 pliki na komputerze.<\/p>\n<\/div>\n<\/div>\n<p>&nbsp;<\/p>\n<p><strong>Testy, sprawdziany<\/strong> \ud83c\udf1f <strong>Shine On kl. 2 \u2013 Oxford<\/strong> \ud83c\udf1f<\/p>\n","protected":false},"excerpt":{"rendered":"<p>Potrzebujesz pomocy w przygotowaniu do sprawdzian\u00f3w, test\u00f3w, kartk\u00f3wek z serii <strong>Shine On klasa 2 Oxford<\/strong>? Mamy dla Ciebie idealne rozwi\u0105zanie! \ud83c\udf92\ud83d\udcda<\/p>\n<p>W naszym zestawie znajdziesz:<\/p>\n<ul>\n<li><strong>Testy<\/strong> i <strong>sprawdziany<\/strong> do ka\u017cdej lekcji \ud83d\udcd6<\/li>\n<li><strong>Kartk\u00f3wki<\/strong> sprawdzaj\u0105ce wiedz\u0119 z j\u0119zyka angielskiego \u2705<\/li>\n<li><strong>Nagrania audio<\/strong> do \u0107wicze\u0144 s\u0142uchowych \ud83c\udfa7<\/li>\n<li><strong>Odpowiedzi<\/strong> do zada\u0144 \u2013 szybka i skuteczna nauka! \ud83d\udcdd<\/li>\n<li>materia\u0142y nauczyciela<\/li>\n<li>ksi\u0105\u017cka nauczyciela<\/li>\n<\/ul>\n<p>Z naszymi materia\u0142ami Twoje dziecko b\u0119dzie zawsze \u015bwietnie przygotowane do lekcji i pe\u0142ne pewno\u015bci! \ud83c\udf93\u2728<\/p>\n","protected":false},"featured_media":8166,"template":"","meta":[],"product_brand":[],"product_cat":[201],"product_tag":[358,355,52,202,353,85,208,74,359,73,187,357,66,354],"class_list":{"0":"post-8165","1":"product","2":"type-product","3":"status-publish","4":"has-post-thumbnail","6":"product_cat-klasa-2-szkola-podstawowa","7":"product_tag-angielski","8":"product_tag-edukacja","9":"product_tag-kartkowki","10":"product_tag-klasa-2","11":"product_tag-klasa2","12":"product_tag-ksiazka-nauczyciela","13":"product_tag-materialy-nauczyciela","14":"product_tag-nagrania-audio","15":"product_tag-naukaangielskiego","16":"product_tag-odpowiedzi","17":"product_tag-oxford","18":"product_tag-shineon","19":"product_tag-szkolapodstawowa","20":"product_tag-testyisprawdziany","22":"first","23":"instock","24":"downloadable","25":"virtual","26":"purchasable","27":"product-type-simple"},"_links":{"self":[{"href":"https:\/\/www.materialnaszostke.pl\/index.php\/wp-json\/wp\/v2\/product\/8165"}],"collection":[{"href":"https:\/\/www.materialnaszostke.pl\/index.php\/wp-json\/wp\/v2\/product"}],"about":[{"href":"https:\/\/www.materialnaszostke.pl\/index.php\/wp-json\/wp\/v2\/types\/product"}],"wp:featuredmedia":[{"embeddable":true,"href":"https:\/\/www.materialnaszostke.pl\/index.php\/wp-json\/wp\/v2\/media\/8166"}],"wp:attachment":[{"href":"https:\/\/www.materialnaszostke.pl\/index.php\/wp-json\/wp\/v2\/media?parent=8165"}],"wp:term":[{"taxonomy":"product_brand","embeddable":true,"href":"https:\/\/www.materialnaszostke.pl\/index.php\/wp-json\/wp\/v2\/product_brand?post=8165"},{"taxonomy":"product_cat","embeddable":true,"href":"https:\/\/www.materialnaszostke.pl\/index.php\/wp-json\/wp\/v2\/product_cat?post=8165"},{"taxonomy":"product_tag","embeddable":true,"href":"https:\/\/www.materialnaszostke.pl\/index.php\/wp-json\/wp\/v2\/product_tag?post=8165"}],"curies":[{"name":"wp","href":"https:\/\/api.w.org\/{rel}","templated":true}]}}