{"id":8151,"date":"2024-09-23T08:07:52","date_gmt":"2024-09-23T08:07:52","guid":{"rendered":"https:\/\/www.materialnaszostke.pl\/?post_type=product&#038;p=8151"},"modified":"2024-10-11T15:02:33","modified_gmt":"2024-10-11T15:02:33","slug":"english-class-a2-pearson-testy-kartkowki-nagrania-audio-odpowiedzi-2","status":"publish","type":"product","link":"https:\/\/www.materialnaszostke.pl\/index.php\/produkt\/english-class-a2-pearson-testy-kartkowki-nagrania-audio-odpowiedzi-2\/","title":{"rendered":"English Class A2+ Pearson testy, kartk\u00f3wki, nagrania audio, odpowiedzi"},"content":{"rendered":"<p>Pobranie materia\u0142\u00f3w mo\u017cliwe zaraz po z\u0142o\u017ceniu zam\u00f3wienia. (Dost\u0119pne przez 30 dni). Pliki nale\u017cy rozpakowa\u0107. S\u0105 to pdf -y. Prosz\u0119 zapisa\u0107 pliki na komputerze.<\/p>\n","protected":false},"excerpt":{"rendered":"<p>\ud83d\udcda <strong>Zdob\u0105d\u017a pewno\u015b\u0107 siebie w j\u0119zyku angielskim z &#8222;English Class A2+&#8221; od Pearson!<\/strong> \ud83d\udde3\ufe0f<\/p>\n<p>Chcesz \u015bwietnie przygotowa\u0107 si\u0119 do lekcji angielskiego? Nasze <strong>testy, kartk\u00f3wki, nagrania audio i odpowiedzi<\/strong> to idealne narz\u0119dzia do nauki na poziomie A2+! \ud83d\ude80<\/p>\n<p>\ud83d\udcdd <strong>Co oferujemy?<\/strong><\/p>\n<ul>\n<li><strong>Testy i kartk\u00f3wki<\/strong>: Dok\u0142adnie opracowane materia\u0142y, kt\u00f3re pomog\u0105 Ci sprawdzi\u0107 swoje umiej\u0119tno\u015bci i przygotowa\u0107 si\u0119 do klas\u00f3wek.<\/li>\n<li><strong>Nagrania audio<\/strong>: \u0106wicz rozumienie ze s\u0142uchu z autentycznymi materia\u0142ami, by szybciej opanowa\u0107 j\u0119zyk.<\/li>\n<li><strong>Odpowiedzi<\/strong>: Szybko sprawd\u017a swoje post\u0119py i zrozum, gdzie pope\u0142niasz b\u0142\u0119dy.<\/li>\n<\/ul>\n<p>\ud83c\udf1f <strong>Dlaczego warto?<\/strong><\/p>\n<ul>\n<li><strong>Skuteczna nauka<\/strong>: Systematyczne \u0107wiczenia i testy pomagaj\u0105 szybciej opanowa\u0107 materia\u0142.<\/li>\n<li><strong>Pewno\u015b\u0107 siebie na egzaminach<\/strong>: Przygotuj si\u0119 na sprawdziany i testy z najlepszymi materia\u0142ami.<\/li>\n<li><strong>Wygoda<\/strong>: Wszystkie materia\u0142y w jednym miejscu \u2013 dost\u0119pne na ka\u017cdym urz\u0105dzeniu!<\/li>\n<\/ul>\n<p><strong>Zam\u00f3w ju\u017c dzi\u015b<\/strong> i opanuj angielski na poziomie A2+! \ud83c\udfaf<\/p>\n","protected":false},"featured_media":8152,"template":"","meta":[],"product_brand":[],"product_cat":[185],"product_tag":[350,52,85,208,74,73,305],"class_list":{"0":"post-8151","1":"product","2":"type-product","3":"status-publish","4":"has-post-thumbnail","6":"product_cat-klasa-6-szkola-podstawowa","7":"product_tag-english-class-a2-pearson-testy","8":"product_tag-kartkowki","9":"product_tag-ksiazka-nauczyciela","10":"product_tag-materialy-nauczyciela","11":"product_tag-nagrania-audio","12":"product_tag-odpowiedzi","13":"product_tag-odpowiedzi-pdf","15":"first","16":"instock","17":"downloadable","18":"virtual","19":"purchasable","20":"product-type-simple"},"_links":{"self":[{"href":"https:\/\/www.materialnaszostke.pl\/index.php\/wp-json\/wp\/v2\/product\/8151"}],"collection":[{"href":"https:\/\/www.materialnaszostke.pl\/index.php\/wp-json\/wp\/v2\/product"}],"about":[{"href":"https:\/\/www.materialnaszostke.pl\/index.php\/wp-json\/wp\/v2\/types\/product"}],"wp:featuredmedia":[{"embeddable":true,"href":"https:\/\/www.materialnaszostke.pl\/index.php\/wp-json\/wp\/v2\/media\/8152"}],"wp:attachment":[{"href":"https:\/\/www.materialnaszostke.pl\/index.php\/wp-json\/wp\/v2\/media?parent=8151"}],"wp:term":[{"taxonomy":"product_brand","embeddable":true,"href":"https:\/\/www.materialnaszostke.pl\/index.php\/wp-json\/wp\/v2\/product_brand?post=8151"},{"taxonomy":"product_cat","embeddable":true,"href":"https:\/\/www.materialnaszostke.pl\/index.php\/wp-json\/wp\/v2\/product_cat?post=8151"},{"taxonomy":"product_tag","embeddable":true,"href":"https:\/\/www.materialnaszostke.pl\/index.php\/wp-json\/wp\/v2\/product_tag?post=8151"}],"curies":[{"name":"wp","href":"https:\/\/api.w.org\/{rel}","templated":true}]}}