{"id":8100,"date":"2024-09-05T18:28:20","date_gmt":"2024-09-05T18:28:20","guid":{"rendered":"https:\/\/www.materialnaszostke.pl\/?post_type=product&#038;p=8100"},"modified":"2024-10-22T22:04:52","modified_gmt":"2024-10-22T20:04:52","slug":"testy-sprawdziany-odpowiedzi-pdf-geografia-planeta-nowa-nowa-era-kl-5","status":"publish","type":"product","link":"https:\/\/www.materialnaszostke.pl\/index.php\/produkt\/testy-sprawdziany-odpowiedzi-pdf-geografia-planeta-nowa-nowa-era-kl-5\/","title":{"rendered":"Testy, sprawdziany, odpowiedzi, pdf Geografia Planeta Nowa Nowa Era kl 5"},"content":{"rendered":"<div class=\"product-content \">\n<div class=\"product-content \">\n<h5>Pobranie materia\u0142\u00f3w mo\u017cliwe zaraz po z\u0142o\u017ceniu zam\u00f3wienia. (Dost\u0119pne przez 30 dni). Pliki nale\u017cy rozpakowa\u0107. S\u0105 to pdf -y. Prosz\u0119 zapisa\u0107 pliki na komputerze.<\/h5>\n<\/div>\n<\/div>\n","protected":false},"excerpt":{"rendered":"<div class=\"B2VR9 CJHX3e\">\n<div class=\"wyccme\">\n<div>Geografia Planeta Nowa klasa 5 Nowa Era<\/div>\n<p><em>testy i odpowiedzi<\/em><br \/>\n<em>generator<\/em><br \/>\n<em>odpowiedzi do zeszytu \u0107w.<\/em><br \/>\n<em>kartk\u00f3wki oraz inne dodatki<\/em><\/p>\n<div><\/div>\n<div><\/div>\n<div class=\"oatEtb\"><span class=\"dg6jd\">Puls \u017cycia klasa 5<b>\u00a0\u0107wiczenia,<\/b> po rozpakowaniu odpowiedzi <b>PDF.<\/b><\/span><\/div>\n<\/div>\n<\/div>\n<div><\/div>\n<h5>Zapraszam r\u00f3wnie\u017c po inne przedmioty do innych klas. Szeroki wyb\u00f3r.<\/h5>\n","protected":false},"featured_media":8101,"template":"","meta":[],"product_brand":[],"product_cat":[180],"product_tag":[52,306,208,73,341,57,66,54],"class_list":{"0":"post-8100","1":"product","2":"type-product","3":"status-publish","4":"has-post-thumbnail","6":"product_cat-klasa-5-szkola-podstawowa","7":"product_tag-kartkowki","8":"product_tag-klasa-5","9":"product_tag-materialy-nauczyciela","10":"product_tag-odpowiedzi","11":"product_tag-pdf-geografia-planeta-nowa-nowa-era-kl-5","12":"product_tag-sprawdziany","13":"product_tag-szkolapodstawowa","14":"product_tag-testy","16":"first","17":"instock","18":"downloadable","19":"virtual","20":"purchasable","21":"product-type-simple"},"_links":{"self":[{"href":"https:\/\/www.materialnaszostke.pl\/index.php\/wp-json\/wp\/v2\/product\/8100"}],"collection":[{"href":"https:\/\/www.materialnaszostke.pl\/index.php\/wp-json\/wp\/v2\/product"}],"about":[{"href":"https:\/\/www.materialnaszostke.pl\/index.php\/wp-json\/wp\/v2\/types\/product"}],"wp:featuredmedia":[{"embeddable":true,"href":"https:\/\/www.materialnaszostke.pl\/index.php\/wp-json\/wp\/v2\/media\/8101"}],"wp:attachment":[{"href":"https:\/\/www.materialnaszostke.pl\/index.php\/wp-json\/wp\/v2\/media?parent=8100"}],"wp:term":[{"taxonomy":"product_brand","embeddable":true,"href":"https:\/\/www.materialnaszostke.pl\/index.php\/wp-json\/wp\/v2\/product_brand?post=8100"},{"taxonomy":"product_cat","embeddable":true,"href":"https:\/\/www.materialnaszostke.pl\/index.php\/wp-json\/wp\/v2\/product_cat?post=8100"},{"taxonomy":"product_tag","embeddable":true,"href":"https:\/\/www.materialnaszostke.pl\/index.php\/wp-json\/wp\/v2\/product_tag?post=8100"}],"curies":[{"name":"wp","href":"https:\/\/api.w.org\/{rel}","templated":true}]}}