{"id":8065,"date":"2024-08-28T15:15:47","date_gmt":"2024-08-28T15:15:47","guid":{"rendered":"https:\/\/www.materialnaszostke.pl\/?post_type=product&#038;p=8065"},"modified":"2025-04-09T19:13:11","modified_gmt":"2025-04-09T17:13:11","slug":"testy-sprawdziany-kartkowki-karty-pracy-odkryc-fizyke-1-zp-nowa-era","status":"publish","type":"product","link":"https:\/\/www.materialnaszostke.pl\/index.php\/produkt\/testy-sprawdziany-kartkowki-karty-pracy-odkryc-fizyke-1-zp-nowa-era\/","title":{"rendered":"Testy, sprawdziany, kartk\u00f3wki, karty pracy, Odkry\u0107 fizyk\u0119 1 (ZP) Nowa Era"},"content":{"rendered":"<h5>ODKRY\u0106 FIZYK\u0118 1 zakres podstawowy<br \/>\n-karty pracy<br \/>\n-generator klas\u00f3wek + odpowiedzi<br \/>\n-odpowiedzi do podr\u0119cznika<br \/>\n-odpowiedzi do kart pracy ucznia<\/h5>\n","protected":false},"excerpt":{"rendered":"<p>ODKRY\u0106 FIZYK\u0118 1 zakres podstawowy<br \/>\n-karty pracy<br \/>\n-generator klas\u00f3wek + odpowiedzi<br \/>\n-odpowiedzi do podr\u0119cznika<br \/>\n-odpowiedzi do kart pracy ucznia<\/p>\n","protected":false},"featured_media":8066,"template":"","meta":[],"product_brand":[],"product_cat":[203],"product_tag":[52,322,208,323,57,71,54],"class_list":{"0":"post-8065","1":"product","2":"type-product","3":"status-publish","4":"has-post-thumbnail","6":"product_cat-szkola-srednia","7":"product_tag-kartkowki","8":"product_tag-karty-pracy","9":"product_tag-materialy-nauczyciela","10":"product_tag-odkryc-fizyke-1-zp-nowa-era","11":"product_tag-sprawdziany","12":"product_tag-szkola-srednia","13":"product_tag-testy","15":"first","16":"instock","17":"downloadable","18":"virtual","19":"purchasable","20":"product-type-simple"},"_links":{"self":[{"href":"https:\/\/www.materialnaszostke.pl\/index.php\/wp-json\/wp\/v2\/product\/8065"}],"collection":[{"href":"https:\/\/www.materialnaszostke.pl\/index.php\/wp-json\/wp\/v2\/product"}],"about":[{"href":"https:\/\/www.materialnaszostke.pl\/index.php\/wp-json\/wp\/v2\/types\/product"}],"wp:featuredmedia":[{"embeddable":true,"href":"https:\/\/www.materialnaszostke.pl\/index.php\/wp-json\/wp\/v2\/media\/8066"}],"wp:attachment":[{"href":"https:\/\/www.materialnaszostke.pl\/index.php\/wp-json\/wp\/v2\/media?parent=8065"}],"wp:term":[{"taxonomy":"product_brand","embeddable":true,"href":"https:\/\/www.materialnaszostke.pl\/index.php\/wp-json\/wp\/v2\/product_brand?post=8065"},{"taxonomy":"product_cat","embeddable":true,"href":"https:\/\/www.materialnaszostke.pl\/index.php\/wp-json\/wp\/v2\/product_cat?post=8065"},{"taxonomy":"product_tag","embeddable":true,"href":"https:\/\/www.materialnaszostke.pl\/index.php\/wp-json\/wp\/v2\/product_tag?post=8065"}],"curies":[{"name":"wp","href":"https:\/\/api.w.org\/{rel}","templated":true}]}}