{"id":8062,"date":"2024-08-28T10:40:39","date_gmt":"2024-08-28T10:40:39","guid":{"rendered":"https:\/\/www.materialnaszostke.pl\/?post_type=product&#038;p=8062"},"modified":"2024-08-28T10:40:39","modified_gmt":"2024-08-28T10:40:39","slug":"testy-sprawdziany-kartkowki-odpowiedzi-matematyka-z-kluczem-kl-7-nowa-era","status":"publish","type":"product","link":"https:\/\/www.materialnaszostke.pl\/index.php\/produkt\/testy-sprawdziany-kartkowki-odpowiedzi-matematyka-z-kluczem-kl-7-nowa-era\/","title":{"rendered":"Testy, sprawdziany, kartk\u00f3wki, odpowiedzi Matematyka z kluczem kl.7 Nowa Era"},"content":{"rendered":"<h4><strong>PO MATERIA\u0141Y DO Matematyka z kluczem kl.7 Nowa Era <\/strong><strong>ZAPRASZAM PO ZAKUPIE DO KONTAKTU NA E-MAIL:<\/strong><\/h4>\n<div class=\"VoqD8\">\n<div class=\"eYSAde\"><a href=\"mailto:materialnaszostke@gmail.com\" target=\"_blank\" rel=\"noopener\">materialnaszostke@gmail.com<\/a><\/div>\n<\/div>\n<div><\/div>\n<h4><strong>Du\u017ca paczka, st\u0105d osobna wysy\u0142ka linkiem do pobrania na podany przez Pa\u0144stwa adres email.!<\/strong><\/h4>\n","protected":false},"excerpt":{"rendered":"<p>Matematyka z kluczem kl.7<br \/>\n&#8211; kartk\u00f3wki<br \/>\n&#8211; odpowiedzi<br \/>\n&#8211; testy rozdz.<br \/>\n&#8211; klucze odpowiedzi<br \/>\n&#8211; test na p\u00f3\u0142rocze<br \/>\n&#8211; test na koniec roku<br \/>\n&#8211; radz\u0119 sobie coraz lepiej &#8211; powt\u00f3rzenie<br \/>\n&#8211; podr\u0119cznik nauczyciela<br \/>\n&#8211; odpowiedzi do zeszytu \u0107wicze\u0144<\/p>\n<h4><strong>PO MATERIA\u0141Y DO Matematyka z kluczem kl.7 Nowa Era <\/strong><strong>ZAPRASZAM PO ZAKUPIE DO KONTAKTU NA E-MAIL:<\/strong><\/h4>\n<div class=\"VoqD8\">\n<div class=\"eYSAde\"><a href=\"mailto:materialnaszostke@gmail.com\" target=\"_blank\" rel=\"noopener\">materialnaszostke@gmail.com<\/a><\/div>\n<\/div>\n<div><\/div>\n<h4><strong>Du\u017ca paczka, st\u0105d osobna wysy\u0142ka linkiem do pobrania na podany przez Pa\u0144stwa adres email.!<\/strong><\/h4>\n","protected":false},"featured_media":8064,"template":"","meta":[],"product_brand":[],"product_cat":[15],"product_tag":[52,208,321,77,57,66,54],"class_list":{"0":"post-8062","1":"product","2":"type-product","3":"status-publish","4":"has-post-thumbnail","6":"product_cat-bez-kategorii","7":"product_tag-kartkowki","8":"product_tag-materialy-nauczyciela","9":"product_tag-odpowiedzi-matematyka-z-kluczem-kl-7-nowa-era","10":"product_tag-pdf","11":"product_tag-sprawdziany","12":"product_tag-szkolapodstawowa","13":"product_tag-testy","15":"first","16":"instock","17":"virtual","18":"purchasable","19":"product-type-simple"},"_links":{"self":[{"href":"https:\/\/www.materialnaszostke.pl\/index.php\/wp-json\/wp\/v2\/product\/8062"}],"collection":[{"href":"https:\/\/www.materialnaszostke.pl\/index.php\/wp-json\/wp\/v2\/product"}],"about":[{"href":"https:\/\/www.materialnaszostke.pl\/index.php\/wp-json\/wp\/v2\/types\/product"}],"wp:featuredmedia":[{"embeddable":true,"href":"https:\/\/www.materialnaszostke.pl\/index.php\/wp-json\/wp\/v2\/media\/8064"}],"wp:attachment":[{"href":"https:\/\/www.materialnaszostke.pl\/index.php\/wp-json\/wp\/v2\/media?parent=8062"}],"wp:term":[{"taxonomy":"product_brand","embeddable":true,"href":"https:\/\/www.materialnaszostke.pl\/index.php\/wp-json\/wp\/v2\/product_brand?post=8062"},{"taxonomy":"product_cat","embeddable":true,"href":"https:\/\/www.materialnaszostke.pl\/index.php\/wp-json\/wp\/v2\/product_cat?post=8062"},{"taxonomy":"product_tag","embeddable":true,"href":"https:\/\/www.materialnaszostke.pl\/index.php\/wp-json\/wp\/v2\/product_tag?post=8062"}],"curies":[{"name":"wp","href":"https:\/\/api.w.org\/{rel}","templated":true}]}}