{"id":8056,"date":"2024-08-28T08:34:30","date_gmt":"2024-08-28T08:34:30","guid":{"rendered":"https:\/\/www.materialnaszostke.pl\/?post_type=product&#038;p=8056"},"modified":"2024-11-15T10:38:55","modified_gmt":"2024-11-15T09:38:55","slug":"testy-sprawdziany-odpowiedzi-matematyka-z-plusem-kl-4-gwo","status":"publish","type":"product","link":"https:\/\/www.materialnaszostke.pl\/index.php\/produkt\/testy-sprawdziany-odpowiedzi-matematyka-z-plusem-kl-4-gwo\/","title":{"rendered":"Testy, sprawdziany, odpowiedzi Matematyka z Plusem kl 4 Gwo"},"content":{"rendered":"<div class=\"product-content \">\n<h5>Pobranie materia\u0142\u00f3w mo\u017cliwe zaraz po z\u0142o\u017ceniu zam\u00f3wienia. (Dost\u0119pne przez 30 dni). Pliki nale\u017cy rozpakowa\u0107. S\u0105 to pdf -y. Prosz\u0119 zapisa\u0107 pliki na komputerze.<\/h5>\n<\/div>\n","protected":false},"excerpt":{"rendered":"<p><strong>Odkryj Testy i Sprawdziany z Matematyki dla Klasy 4 \u2013 Matematyka z Plusem od GWO!<\/strong><\/p>\n<p>Potrzebujesz wsparcia w nauce matematyki? Szukasz rzetelnych test\u00f3w, sprawdzian\u00f3w i odpowiedzi, kt\u00f3re pomog\u0105 Twojemu dziecku przygotowa\u0107 si\u0119 do klas\u00f3wek? Zestaw materia\u0142\u00f3w &#8222;Matematyka z Plusem&#8221; dla klasy 4 od GWO to idealne rozwi\u0105zanie!<\/p>\n<p>Dzi\u0119ki naszym testom i sprawdzianom Twoje dziecko:<\/p>\n<ul>\n<li><strong>Zrozumie trudne zagadnienia<\/strong> matematyczne dzi\u0119ki prostym wyja\u015bnieniom i praktycznym przyk\u0142adom.<\/li>\n<li><strong>Przygotuje si\u0119 do klas\u00f3wek<\/strong> i sprawdzian\u00f3w z pe\u0142n\u0105 pewno\u015bci\u0105 siebie.<\/li>\n<li><strong>Sprawdzi swoje odpowiedzi<\/strong> dzi\u0119ki dost\u0119powi do dok\u0142adnych kluczy odpowiedzi, co umo\u017cliwia szybkie poprawienie b\u0142\u0119d\u00f3w i efektywn\u0105 nauk\u0119.<\/li>\n<\/ul>\n<h4>Zapraszam ponownie po inne materia\u0142y do innych przedmiot\u00f3w i klas.<\/h4>\n","protected":false},"featured_media":8057,"template":"","meta":[],"product_brand":[],"product_cat":[205],"product_tag":[208,73,319,77,57,66,54],"class_list":{"0":"post-8056","1":"product","2":"type-product","3":"status-publish","4":"has-post-thumbnail","6":"product_cat-klasa-4-szkola-podstawowa","7":"product_tag-materialy-nauczyciela","8":"product_tag-odpowiedzi","9":"product_tag-odpowiedzi-matematyka-z-plusem-kl-4-gwo","10":"product_tag-pdf","11":"product_tag-sprawdziany","12":"product_tag-szkolapodstawowa","13":"product_tag-testy","15":"first","16":"instock","17":"downloadable","18":"virtual","19":"purchasable","20":"product-type-simple"},"_links":{"self":[{"href":"https:\/\/www.materialnaszostke.pl\/index.php\/wp-json\/wp\/v2\/product\/8056"}],"collection":[{"href":"https:\/\/www.materialnaszostke.pl\/index.php\/wp-json\/wp\/v2\/product"}],"about":[{"href":"https:\/\/www.materialnaszostke.pl\/index.php\/wp-json\/wp\/v2\/types\/product"}],"wp:featuredmedia":[{"embeddable":true,"href":"https:\/\/www.materialnaszostke.pl\/index.php\/wp-json\/wp\/v2\/media\/8057"}],"wp:attachment":[{"href":"https:\/\/www.materialnaszostke.pl\/index.php\/wp-json\/wp\/v2\/media?parent=8056"}],"wp:term":[{"taxonomy":"product_brand","embeddable":true,"href":"https:\/\/www.materialnaszostke.pl\/index.php\/wp-json\/wp\/v2\/product_brand?post=8056"},{"taxonomy":"product_cat","embeddable":true,"href":"https:\/\/www.materialnaszostke.pl\/index.php\/wp-json\/wp\/v2\/product_cat?post=8056"},{"taxonomy":"product_tag","embeddable":true,"href":"https:\/\/www.materialnaszostke.pl\/index.php\/wp-json\/wp\/v2\/product_tag?post=8056"}],"curies":[{"name":"wp","href":"https:\/\/api.w.org\/{rel}","templated":true}]}}