{"id":8025,"date":"2024-08-25T18:56:12","date_gmt":"2024-08-25T18:56:12","guid":{"rendered":"https:\/\/www.materialnaszostke.pl\/?post_type=product&#038;p=8025"},"modified":"2024-08-25T18:57:08","modified_gmt":"2024-08-25T18:57:08","slug":"testy-kartkowki-sprawdziany-odpowiedzi-nagrania-audio-perfekt-2-pearson","status":"publish","type":"product","link":"https:\/\/www.materialnaszostke.pl\/index.php\/produkt\/testy-kartkowki-sprawdziany-odpowiedzi-nagrania-audio-perfekt-2-pearson\/","title":{"rendered":"Testy, kartk\u00f3wki, sprawdziany, odpowiedzi, nagrania audio Perfekt 2 Pearson"},"content":{"rendered":"<div class=\"product-content \">\n<div class=\"product-content \">\n<p>Pobranie materia\u0142\u00f3w mo\u017cliwe zaraz po z\u0142o\u017ceniu zam\u00f3wienia. (Dost\u0119pne przez 30 dni). Pliki nale\u017cy rozpakowa\u0107. S\u0105 to pdf -y. Prosz\u0119 zapisa\u0107 pliki na komputerze.<\/p>\n<\/div>\n<\/div>\n","protected":false},"excerpt":{"rendered":"<p>\ud83d\udca1 <strong>Co znajdziesz w Perfekt 2?<\/strong><\/p>\n<ul>\n<li><strong>Testy<\/strong> przygotowuj\u0105ce do ka\u017cdego dzia\u0142u \u2013 sprawd\u017a swoj\u0105 wiedz\u0119 na bie\u017c\u0105co!<\/li>\n<li><strong>Kartk\u00f3wki<\/strong> pomagaj\u0105ce utrwali\u0107 materia\u0142 i zdoby\u0107 pewno\u015b\u0107 siebie.<\/li>\n<li><strong>Odpowiedzi<\/strong> do ka\u017cdego \u0107wiczenia \u2013 szybka i skuteczna weryfikacja wynik\u00f3w.<\/li>\n<\/ul>\n<p>\ud83c\udfaf <strong>Perfekt 2<\/strong> to idealne narz\u0119dzie dla uczni\u00f3w, kt\u00f3rzy chc\u0105 osi\u0105ga\u0107 najlepsze wyniki. Ucz si\u0119 m\u0105drzej, nie ci\u0119\u017cej!<\/p>\n","protected":false},"featured_media":8026,"template":"","meta":[],"product_brand":[],"product_cat":[203],"product_tag":[97,52,208,315,73,305,57,54],"class_list":{"0":"post-8025","1":"product","2":"type-product","3":"status-publish","4":"has-post-thumbnail","6":"product_cat-szkola-srednia","7":"product_tag-jezyk-niemiecki","8":"product_tag-kartkowki","9":"product_tag-materialy-nauczyciela","10":"product_tag-nagrania-audio-perfekt-2-pearson","11":"product_tag-odpowiedzi","12":"product_tag-odpowiedzi-pdf","13":"product_tag-sprawdziany","14":"product_tag-testy","16":"first","17":"instock","18":"sale","19":"downloadable","20":"virtual","21":"purchasable","22":"product-type-simple"},"_links":{"self":[{"href":"https:\/\/www.materialnaszostke.pl\/index.php\/wp-json\/wp\/v2\/product\/8025"}],"collection":[{"href":"https:\/\/www.materialnaszostke.pl\/index.php\/wp-json\/wp\/v2\/product"}],"about":[{"href":"https:\/\/www.materialnaszostke.pl\/index.php\/wp-json\/wp\/v2\/types\/product"}],"wp:featuredmedia":[{"embeddable":true,"href":"https:\/\/www.materialnaszostke.pl\/index.php\/wp-json\/wp\/v2\/media\/8026"}],"wp:attachment":[{"href":"https:\/\/www.materialnaszostke.pl\/index.php\/wp-json\/wp\/v2\/media?parent=8025"}],"wp:term":[{"taxonomy":"product_brand","embeddable":true,"href":"https:\/\/www.materialnaszostke.pl\/index.php\/wp-json\/wp\/v2\/product_brand?post=8025"},{"taxonomy":"product_cat","embeddable":true,"href":"https:\/\/www.materialnaszostke.pl\/index.php\/wp-json\/wp\/v2\/product_cat?post=8025"},{"taxonomy":"product_tag","embeddable":true,"href":"https:\/\/www.materialnaszostke.pl\/index.php\/wp-json\/wp\/v2\/product_tag?post=8025"}],"curies":[{"name":"wp","href":"https:\/\/api.w.org\/{rel}","templated":true}]}}