{"id":7955,"date":"2024-08-21T14:39:53","date_gmt":"2024-08-21T14:39:53","guid":{"rendered":"https:\/\/www.materialnaszostke.pl\/?post_type=product&#038;p=7955"},"modified":"2024-08-21T14:43:37","modified_gmt":"2024-08-21T14:43:37","slug":"solutions-gold-intermediate-testy-2023-2024-sprawdziany-kartkowki-klucze-odpowiedzi-pdf","status":"publish","type":"product","link":"https:\/\/www.materialnaszostke.pl\/index.php\/produkt\/solutions-gold-intermediate-testy-2023-2024-sprawdziany-kartkowki-klucze-odpowiedzi-pdf\/","title":{"rendered":"Solutions Gold Intermediate Testy 2023 \/ 2024 Sprawdziany &#8211; Kartk\u00f3wki &#8211; Klucze Odpowiedzi PDF"},"content":{"rendered":"<h4 style=\"text-align: center;\"><strong>PO MATERIA\u0141Y DO SOLUTIONS GOLD ZAPRASZAM PO ZAKUPIE DO KONTAKTU NA E-MAIL:<\/strong><\/h4>\n<div class=\"VoqD8\">\n<div class=\"eYSAde\" style=\"text-align: center;\"><a href=\"mailto:materialnaszostke@gmail.com\" target=\"_blank\" rel=\"noopener\">materialnaszostke@gmail.com<\/a><\/div>\n<\/div>\n<div><\/div>\n<h4 style=\"text-align: center;\"><strong>Du\u017ca paczka, st\u0105d osobna wysy\u0142ka linkiem do pobrania na podany przez Pa\u0144stwa adres email.!<\/strong><\/h4>\n","protected":false},"excerpt":{"rendered":"<p>W zestawie:<\/p>\n<p>Progress Tests<br \/>\n&#8211; Cumulative Tests<br \/>\n&#8211; Short Tests<br \/>\n&#8211; Worksheets \/ Karty pracy<br \/>\n&#8211; Odpowiedzi do Podr\u0119cznika<br \/>\n&#8211; Odpowiedzi do Zeszytu \u0107wicze\u0144<br \/>\n&#8211; Nagrania \/ Audio<br \/>\n&#8211; Klucze Odpowiedzi \/ Answer Keys<br \/>\n&#8211; i inne<\/p>\n<p>&nbsp;<\/p>\n<h4 style=\"text-align: center;\"><strong>PO MATERIA\u0141Y DO SOLUTIONS GOLD ZAPRASZAM PO ZAKUPIE DO KONTAKTU NA E-MAIL:<\/strong><\/h4>\n<div class=\"VoqD8\">\n<div class=\"eYSAde\" style=\"text-align: center;\"><a href=\"mailto:materialnaszostke@gmail.com\" target=\"_blank\" rel=\"noopener\">materialnaszostke@gmail.com<\/a><\/div>\n<\/div>\n<div><\/div>\n<h4 style=\"text-align: center;\"><strong>Du\u017ca paczka, st\u0105d osobna wysy\u0142ka linkiem do pobrania na podany przez Pa\u0144stwa adres email.!<\/strong><\/h4>\n","protected":false},"featured_media":7956,"template":"","meta":[],"product_brand":[],"product_cat":[203],"product_tag":[181,52,85,208,74,73,287,57,71,54],"class_list":{"0":"post-7955","1":"product","2":"type-product","3":"status-publish","4":"has-post-thumbnail","6":"product_cat-szkola-srednia","7":"product_tag-jezyk-angielski","8":"product_tag-kartkowki","9":"product_tag-ksiazka-nauczyciela","10":"product_tag-materialy-nauczyciela","11":"product_tag-nagrania-audio","12":"product_tag-odpowiedzi","13":"product_tag-solutions-gold","14":"product_tag-sprawdziany","15":"product_tag-szkola-srednia","16":"product_tag-testy","18":"first","19":"instock","20":"shipping-taxable","21":"purchasable","22":"product-type-simple"},"_links":{"self":[{"href":"https:\/\/www.materialnaszostke.pl\/index.php\/wp-json\/wp\/v2\/product\/7955"}],"collection":[{"href":"https:\/\/www.materialnaszostke.pl\/index.php\/wp-json\/wp\/v2\/product"}],"about":[{"href":"https:\/\/www.materialnaszostke.pl\/index.php\/wp-json\/wp\/v2\/types\/product"}],"wp:featuredmedia":[{"embeddable":true,"href":"https:\/\/www.materialnaszostke.pl\/index.php\/wp-json\/wp\/v2\/media\/7956"}],"wp:attachment":[{"href":"https:\/\/www.materialnaszostke.pl\/index.php\/wp-json\/wp\/v2\/media?parent=7955"}],"wp:term":[{"taxonomy":"product_brand","embeddable":true,"href":"https:\/\/www.materialnaszostke.pl\/index.php\/wp-json\/wp\/v2\/product_brand?post=7955"},{"taxonomy":"product_cat","embeddable":true,"href":"https:\/\/www.materialnaszostke.pl\/index.php\/wp-json\/wp\/v2\/product_cat?post=7955"},{"taxonomy":"product_tag","embeddable":true,"href":"https:\/\/www.materialnaszostke.pl\/index.php\/wp-json\/wp\/v2\/product_tag?post=7955"}],"curies":[{"name":"wp","href":"https:\/\/api.w.org\/{rel}","templated":true}]}}