{"id":7912,"date":"2024-08-19T15:36:39","date_gmt":"2024-08-19T15:36:39","guid":{"rendered":"https:\/\/www.materialnaszostke.pl\/?post_type=product&#038;p=7912"},"modified":"2024-08-19T15:36:40","modified_gmt":"2024-08-19T15:36:40","slug":"focus-2-sprawdziany-testy-kartkowki-odpowiedzi-pearson","status":"publish","type":"product","link":"https:\/\/www.materialnaszostke.pl\/index.php\/produkt\/focus-2-sprawdziany-testy-kartkowki-odpowiedzi-pearson\/","title":{"rendered":"Focus 2, sprawdziany, testy, kartk\u00f3wki, odpowiedzi Pearson"},"content":{"rendered":"<div class=\"product-content \">\n<p>Pobranie materia\u0142\u00f3w mo\u017cliwe zaraz po z\u0142o\u017ceniu zam\u00f3wienia. (Dost\u0119pne przez 30 dni). Pliki nale\u017cy rozpakowa\u0107. S\u0105 to pdf -y. Prosz\u0119 zapisa\u0107 pliki na komputerze.<\/p>\n<\/div>\n","protected":false},"excerpt":{"rendered":"<div class=\"woocommerce-product-details__short-description\">\n<p>Materia\u0142y dydaktyczne do podr\u0119cznika Focus 2 Second Edition Pearson.<\/p>\n<p>Poziom: A2\/B1<\/p>\n<p>Komplet materia\u0142\u00f3w zawiera sprawdziany i kartk\u00f3wki z wszystkich unit\u00f3w z do\u0142\u0105czonymi odpowiedziami.<\/p>\n<p>W materia\u0142ach zawarte s\u0105:<\/p>\n<p>\u2013 Testy z wszystkich unit\u00f3w w wersjach A i B,<br \/>\n\u2013 Cumultative tests,<br \/>\n\u2013 Grammar quizes,<br \/>\n\u2013 Matura Speaking tests,<br \/>\n\u2013 Placement tests,<br \/>\n\u2013 Vocabulary quizes,<br \/>\n\u2013 pliki audio.<\/p>\n<p>Do sprawdzian\u00f3w i kartk\u00f3wek do\u0142\u0105czone s\u0105 klucze odpowiedzi.<\/p>\n<p>Jest to kompletny zestaw wszystkich materia\u0142\u00f3w z wydawnictwa.<\/p>\n<p>Materia\u0142y umo\u017cliwiaj\u0105 lepsze przygotowanie do sprawdzian\u00f3w i kartk\u00f3wek.<\/p>\n<p>&nbsp;<\/p>\n<p>Posiadam r\u00f3wnie\u017c inne materia\u0142y do innych przedmiot\u00f3w i klas. Szeroki wyb\u00f3r.<br \/>\nZapraszam<\/p>\n<\/div>\n","protected":false},"featured_media":7913,"template":"","meta":[],"product_brand":[],"product_cat":[203],"product_tag":[213,52,74,73,194,57,54],"class_list":{"0":"post-7912","1":"product","2":"type-product","3":"status-publish","4":"has-post-thumbnail","6":"product_cat-szkola-srednia","7":"product_tag-focus-2","8":"product_tag-kartkowki","9":"product_tag-nagrania-audio","10":"product_tag-odpowiedzi","11":"product_tag-pearson","12":"product_tag-sprawdziany","13":"product_tag-testy","15":"first","16":"instock","17":"downloadable","18":"virtual","19":"purchasable","20":"product-type-simple"},"_links":{"self":[{"href":"https:\/\/www.materialnaszostke.pl\/index.php\/wp-json\/wp\/v2\/product\/7912"}],"collection":[{"href":"https:\/\/www.materialnaszostke.pl\/index.php\/wp-json\/wp\/v2\/product"}],"about":[{"href":"https:\/\/www.materialnaszostke.pl\/index.php\/wp-json\/wp\/v2\/types\/product"}],"wp:featuredmedia":[{"embeddable":true,"href":"https:\/\/www.materialnaszostke.pl\/index.php\/wp-json\/wp\/v2\/media\/7913"}],"wp:attachment":[{"href":"https:\/\/www.materialnaszostke.pl\/index.php\/wp-json\/wp\/v2\/media?parent=7912"}],"wp:term":[{"taxonomy":"product_brand","embeddable":true,"href":"https:\/\/www.materialnaszostke.pl\/index.php\/wp-json\/wp\/v2\/product_brand?post=7912"},{"taxonomy":"product_cat","embeddable":true,"href":"https:\/\/www.materialnaszostke.pl\/index.php\/wp-json\/wp\/v2\/product_cat?post=7912"},{"taxonomy":"product_tag","embeddable":true,"href":"https:\/\/www.materialnaszostke.pl\/index.php\/wp-json\/wp\/v2\/product_tag?post=7912"}],"curies":[{"name":"wp","href":"https:\/\/api.w.org\/{rel}","templated":true}]}}