{"id":7832,"date":"2024-08-09T18:01:53","date_gmt":"2024-08-09T18:01:53","guid":{"rendered":"http:\/\/www.materialnaszostke.pl\/?post_type=product&#038;p=7832"},"modified":"2024-08-09T18:01:54","modified_gmt":"2024-08-09T18:01:54","slug":"focus-3-sprawdziany-testy-kartkowki-odpowiedzi-pearson","status":"publish","type":"product","link":"https:\/\/www.materialnaszostke.pl\/index.php\/produkt\/focus-3-sprawdziany-testy-kartkowki-odpowiedzi-pearson\/","title":{"rendered":"Focus 3, sprawdziany, testy, kartk\u00f3wki, odpowiedzi Pearson"},"content":{"rendered":"<p>Pobranie materia\u0142\u00f3w mo\u017cliwe zaraz po z\u0142o\u017ceniu zam\u00f3wienia. (Dost\u0119pne przez 30 dni). Pliki nale\u017cy rozpakowa\u0107. S\u0105 to pdf -y. Prosz\u0119 zapisa\u0107 pliki na komputerze.<\/p>\n","protected":false},"excerpt":{"rendered":"<p>Materia\u0142y dydaktyczne do podr\u0119cznika Focus 3 Second Edition Pearson.<\/p>\n<p>Poziom: B1\/B1+<\/p>\n<p>Komplet materia\u0142\u00f3w zawiera sprawdziany i kartk\u00f3wki z wszystkich unit\u00f3w z do\u0142\u0105czonymi odpowiedziami.<\/p>\n<p>W materia\u0142ach zawarte s\u0105:<\/p>\n<p>&#8211; Testy z wszystkich unit\u00f3w w wersjach A i B,<br \/>\n&#8211; Cumultative tests,<br \/>\n&#8211; Grammar quizes,<br \/>\n&#8211; Matura Speaking tests,<br \/>\n&#8211; Placement tests,<br \/>\n&#8211; Vocabulary quizes,<br \/>\n&#8211; pliki audio.<\/p>\n<p>Do sprawdzian\u00f3w i kartk\u00f3wek do\u0142\u0105czone s\u0105 klucze odpowiedzi.<\/p>\n<p>Jest to kompletny zestaw wszystkich materia\u0142\u00f3w z wydawnictwa.<\/p>\n<p>Materia\u0142y umo\u017cliwiaj\u0105 lepsze przygotowanie do sprawdzian\u00f3w i kartk\u00f3wek.<\/p>\n<p>&nbsp;<\/p>\n<p>Posiadam r\u00f3wnie\u017c inne materia\u0142y do innych przedmiot\u00f3w i klas. Szeroki wyb\u00f3r.<br \/>\nZapraszam<\/p>\n","protected":false},"featured_media":7833,"template":"","meta":[],"product_brand":[],"product_cat":[203],"product_tag":[207,52,208,74,73,194,57,71,54],"class_list":{"0":"post-7832","1":"product","2":"type-product","3":"status-publish","4":"has-post-thumbnail","6":"product_cat-szkola-srednia","7":"product_tag-focus","8":"product_tag-kartkowki","9":"product_tag-materialy-nauczyciela","10":"product_tag-nagrania-audio","11":"product_tag-odpowiedzi","12":"product_tag-pearson","13":"product_tag-sprawdziany","14":"product_tag-szkola-srednia","15":"product_tag-testy","17":"first","18":"instock","19":"downloadable","20":"virtual","21":"purchasable","22":"product-type-simple"},"_links":{"self":[{"href":"https:\/\/www.materialnaszostke.pl\/index.php\/wp-json\/wp\/v2\/product\/7832"}],"collection":[{"href":"https:\/\/www.materialnaszostke.pl\/index.php\/wp-json\/wp\/v2\/product"}],"about":[{"href":"https:\/\/www.materialnaszostke.pl\/index.php\/wp-json\/wp\/v2\/types\/product"}],"wp:featuredmedia":[{"embeddable":true,"href":"https:\/\/www.materialnaszostke.pl\/index.php\/wp-json\/wp\/v2\/media\/7833"}],"wp:attachment":[{"href":"https:\/\/www.materialnaszostke.pl\/index.php\/wp-json\/wp\/v2\/media?parent=7832"}],"wp:term":[{"taxonomy":"product_brand","embeddable":true,"href":"https:\/\/www.materialnaszostke.pl\/index.php\/wp-json\/wp\/v2\/product_brand?post=7832"},{"taxonomy":"product_cat","embeddable":true,"href":"https:\/\/www.materialnaszostke.pl\/index.php\/wp-json\/wp\/v2\/product_cat?post=7832"},{"taxonomy":"product_tag","embeddable":true,"href":"https:\/\/www.materialnaszostke.pl\/index.php\/wp-json\/wp\/v2\/product_tag?post=7832"}],"curies":[{"name":"wp","href":"https:\/\/api.w.org\/{rel}","templated":true}]}}