{"id":7799,"date":"2024-08-09T13:19:54","date_gmt":"2024-08-09T13:19:54","guid":{"rendered":"http:\/\/www.materialnaszostke.pl\/?post_type=product&#038;p=7799"},"modified":"2024-08-09T14:27:47","modified_gmt":"2024-08-09T14:27:47","slug":"brainy-kl-8-testy-kartkowki-odpowiedzi-macmillan","status":"publish","type":"product","link":"https:\/\/www.materialnaszostke.pl\/index.php\/produkt\/brainy-kl-8-testy-kartkowki-odpowiedzi-macmillan\/","title":{"rendered":"Brainy kl 8 testy, kartk\u00f3wki, odpowiedzi Macmillan"},"content":{"rendered":"<div class=\"woocommerce-tabs wc-tabs-wrapper\">\n<div id=\"tab-description\" class=\"woocommerce-Tabs-panel woocommerce-Tabs-panel--description panel entry-content wc-tab\" role=\"tabpanel\" aria-labelledby=\"tab-title-description\">\n<div class=\"product-content \">\n<p>Pobranie materia\u0142\u00f3w mo\u017cliwe zaraz po z\u0142o\u017ceniu zam\u00f3wienia. (Dost\u0119pne przez 30 dni). Pliki nale\u017cy rozpakowa\u0107. S\u0105 to pdf -y. Prosz\u0119 zapisa\u0107 pliki na komputerze.<\/p>\n<\/div>\n<\/div>\n<\/div>\n","protected":false},"excerpt":{"rendered":"<p>Posiadam materia\u0142y do ksi\u0105\u017cki Brainy kl 8 wydawnictwo Macmillan, w zestawie:<\/p>\n<p>testy,<br \/>\nkartk\u00f3wki,<br \/>\nodpowiedzi,<br \/>\nnagrania audio<\/p>\n<p>ksi\u0105\u017cka nauczyciela<br \/>\ndodatki<\/p>\n<p>&nbsp;<\/p>\n<p>Posiadam r\u00f3wnie\u017c inne materia\u0142y do innych przedmiot\u00f3w i klas. Szeroki wyb\u00f3r.<br \/>\nZapraszam<\/p>\n","protected":false},"featured_media":7800,"template":"","meta":[],"product_brand":[],"product_cat":[193],"product_tag":[189,181,52,191,74,73,57,66,54],"class_list":{"0":"post-7799","1":"product","2":"type-product","3":"status-publish","4":"has-post-thumbnail","6":"product_cat-klasa-8-szkola-podstawowa","7":"product_tag-brainy","8":"product_tag-jezyk-angielski","9":"product_tag-kartkowki","10":"product_tag-macmillan","11":"product_tag-nagrania-audio","12":"product_tag-odpowiedzi","13":"product_tag-sprawdziany","14":"product_tag-szkolapodstawowa","15":"product_tag-testy","17":"first","18":"instock","19":"downloadable","20":"virtual","21":"purchasable","22":"product-type-simple"},"_links":{"self":[{"href":"https:\/\/www.materialnaszostke.pl\/index.php\/wp-json\/wp\/v2\/product\/7799"}],"collection":[{"href":"https:\/\/www.materialnaszostke.pl\/index.php\/wp-json\/wp\/v2\/product"}],"about":[{"href":"https:\/\/www.materialnaszostke.pl\/index.php\/wp-json\/wp\/v2\/types\/product"}],"wp:featuredmedia":[{"embeddable":true,"href":"https:\/\/www.materialnaszostke.pl\/index.php\/wp-json\/wp\/v2\/media\/7800"}],"wp:attachment":[{"href":"https:\/\/www.materialnaszostke.pl\/index.php\/wp-json\/wp\/v2\/media?parent=7799"}],"wp:term":[{"taxonomy":"product_brand","embeddable":true,"href":"https:\/\/www.materialnaszostke.pl\/index.php\/wp-json\/wp\/v2\/product_brand?post=7799"},{"taxonomy":"product_cat","embeddable":true,"href":"https:\/\/www.materialnaszostke.pl\/index.php\/wp-json\/wp\/v2\/product_cat?post=7799"},{"taxonomy":"product_tag","embeddable":true,"href":"https:\/\/www.materialnaszostke.pl\/index.php\/wp-json\/wp\/v2\/product_tag?post=7799"}],"curies":[{"name":"wp","href":"https:\/\/api.w.org\/{rel}","templated":true}]}}