{"id":7730,"date":"2024-08-07T10:32:40","date_gmt":"2024-08-07T10:32:40","guid":{"rendered":"http:\/\/www.materialnaszostke.pl\/?post_type=product&#038;p=7730"},"modified":"2025-10-26T11:04:28","modified_gmt":"2025-10-26T10:04:28","slug":"brainy-kl-5-testy-kartkowki-odpowiedzi-macmillan","status":"publish","type":"product","link":"https:\/\/www.materialnaszostke.pl\/index.php\/produkt\/brainy-kl-5-testy-kartkowki-odpowiedzi-macmillan\/","title":{"rendered":"Brainy kl 5 testy, kartk\u00f3wki, odpowiedzi Macmillan"},"content":{"rendered":"<p>Pobranie materia\u0142\u00f3w mo\u017cliwe zaraz po z\u0142o\u017ceniu zam\u00f3wienia. (Dost\u0119pne przez 30 dni). Pliki nale\u017cy rozpakowa\u0107. S\u0105 to pdf -y. Prosz\u0119 zapisa\u0107 pliki na komputerze.<\/p>\n","protected":false},"excerpt":{"rendered":"<p>Posiadam materia\u0142y do ksi\u0105\u017cki Brainy kl 5 wydawnictwo Macmillan, w zestawie:<\/p>\n<p>testy,<br \/>\nkartk\u00f3wki,<br \/>\nodpowiedzi,<br \/>\nnagrania audio<\/p>\n<p>ksi\u0105\u017cka nauczyciela<br \/>\ndodatki<\/p>\n<p>Materia\u0142y wysy\u0142am na e-mail.<br \/>\nPosiadam r\u00f3wnie\u017c inne materia\u0142y do innych przedmiot\u00f3w i klas. Szeroki wyb\u00f3r.<br \/>\nZapraszam<\/p>\n","protected":false},"featured_media":7732,"template":"","meta":[],"product_brand":[],"product_cat":[180],"product_tag":[189,52,190,191,73,54],"class_list":{"0":"post-7730","1":"product","2":"type-product","3":"status-publish","4":"has-post-thumbnail","6":"product_cat-klasa-5-szkola-podstawowa","7":"product_tag-brainy","8":"product_tag-kartkowki","9":"product_tag-kl-5","10":"product_tag-macmillan","11":"product_tag-odpowiedzi","12":"product_tag-testy","14":"first","15":"instock","16":"downloadable","17":"virtual","18":"purchasable","19":"product-type-simple"},"_links":{"self":[{"href":"https:\/\/www.materialnaszostke.pl\/index.php\/wp-json\/wp\/v2\/product\/7730"}],"collection":[{"href":"https:\/\/www.materialnaszostke.pl\/index.php\/wp-json\/wp\/v2\/product"}],"about":[{"href":"https:\/\/www.materialnaszostke.pl\/index.php\/wp-json\/wp\/v2\/types\/product"}],"wp:featuredmedia":[{"embeddable":true,"href":"https:\/\/www.materialnaszostke.pl\/index.php\/wp-json\/wp\/v2\/media\/7732"}],"wp:attachment":[{"href":"https:\/\/www.materialnaszostke.pl\/index.php\/wp-json\/wp\/v2\/media?parent=7730"}],"wp:term":[{"taxonomy":"product_brand","embeddable":true,"href":"https:\/\/www.materialnaszostke.pl\/index.php\/wp-json\/wp\/v2\/product_brand?post=7730"},{"taxonomy":"product_cat","embeddable":true,"href":"https:\/\/www.materialnaszostke.pl\/index.php\/wp-json\/wp\/v2\/product_cat?post=7730"},{"taxonomy":"product_tag","embeddable":true,"href":"https:\/\/www.materialnaszostke.pl\/index.php\/wp-json\/wp\/v2\/product_tag?post=7730"}],"curies":[{"name":"wp","href":"https:\/\/api.w.org\/{rel}","templated":true}]}}